{"id":432,"date":"2025-03-13T12:58:20","date_gmt":"2025-03-13T11:58:20","guid":{"rendered":"https:\/\/gustavotamponi.com\/concerts\/"},"modified":"2025-07-23T11:36:50","modified_gmt":"2025-07-23T09:36:50","slug":"teatro-cinema","status":"publish","type":"page","link":"https:\/\/gustavotamponi.com\/en\/teatro-cinema\/","title":{"rendered":"Theater \/ Movies"},"content":{"rendered":"<div class=\"wp-block-uagb-container uagb-block-3f4cd45f alignfull uagb-is-root-container\"><div class=\"uagb-container-inner-blocks-wrap\">\n<div class=\"wp-block-uagb-advanced-heading uagb-block-ee7ec327\"><h2 class=\"uagb-heading-text\">Theater \/ Movies <\/h2><div class=\"uagb-separator\"><\/div><\/div>\n<\/div><\/div>\n\n\n\n<div class=\"wp-block-uagb-container uagb-block-03b7b930 alignfull uagb-is-root-container\"><div class=\"uagb-container-inner-blocks-wrap\">\n<div class=\"wp-block-uagb-advanced-heading uagb-block-a79aa36e\"><h2 class=\"uagb-heading-text\">Movies<\/h2><p class=\"uagb-desc-text\">Collaborations Soundtrack Film Projects <\/p><\/div>\n<\/div><\/div>\n\n\n\n<div class=\"wp-block-group has-small-font-size is-layout-grid wp-container-core-group-is-layout-c0141837 wp-block-group-is-layout-grid\" style=\"min-height:0px;padding-top:0;padding-bottom:0\">\n<figure class=\"wp-block-image size-full wp-container-content-6df3295e wp-duotone-unset-1\"><a href=\"https:\/\/www.youtube.com\/watch?v=Q8ul0pEHjwo\" target=\"_blank\" rel=\" noreferrer noopener\"><img decoding=\"async\" width=\"721\" height=\"960\" src=\"https:\/\/gustavotamponi.com\/wp-content\/uploads\/2025\/04\/La-copia-Feliz.jpg\" alt=\"Gustavo Tamponi, colabora\u00e7\u00f5es banda sonora projectos cinematogr\u00e1ficos\" class=\"wp-image-1538\" srcset=\"https:\/\/gustavotamponi.com\/wp-content\/uploads\/2025\/04\/La-copia-Feliz.jpg 721w, https:\/\/gustavotamponi.com\/wp-content\/uploads\/2025\/04\/La-copia-Feliz-225x300.jpg 225w\" sizes=\"(max-width: 721px) 100vw, 721px\" \/><\/a><\/figure>\n\n\n\n<figure class=\"wp-block-image size-full wp-container-content-a56e390f wp-duotone-unset-2\"><a href=\"https:\/\/www.youtube.com\/watch?v=VgPdOW58R8s\" target=\"_blank\" rel=\" noreferrer noopener\"><img decoding=\"async\" width=\"721\" height=\"960\" src=\"https:\/\/gustavotamponi.com\/wp-content\/uploads\/2025\/04\/Familia-Dionti-1.jpg\" alt=\"Gustavo Tamponi, colabora\u00e7\u00f5es banda sonora projectos cinematogr\u00e1ficos\" class=\"wp-image-1536\" srcset=\"https:\/\/gustavotamponi.com\/wp-content\/uploads\/2025\/04\/Familia-Dionti-1.jpg 721w, https:\/\/gustavotamponi.com\/wp-content\/uploads\/2025\/04\/Familia-Dionti-1-225x300.jpg 225w\" sizes=\"(max-width: 721px) 100vw, 721px\" \/><\/a><\/figure>\n\n\n\n<figure class=\"wp-block-image size-full wp-duotone-unset-3\"><a href=\"https:\/\/www.youtube.com\/watch?v=WKDgTuN1iMI\" target=\"_blank\" rel=\" noreferrer noopener\"><img decoding=\"async\" width=\"721\" height=\"960\" src=\"https:\/\/gustavotamponi.com\/wp-content\/uploads\/2025\/04\/El-rio-1.jpg\" alt=\"Gustavo Tamponi, colabora\u00e7\u00f5es banda sonora projectos cinematogr\u00e1ficos\" class=\"wp-image-1534\" srcset=\"https:\/\/gustavotamponi.com\/wp-content\/uploads\/2025\/04\/El-rio-1.jpg 721w, https:\/\/gustavotamponi.com\/wp-content\/uploads\/2025\/04\/El-rio-1-225x300.jpg 225w\" sizes=\"(max-width: 721px) 100vw, 721px\" \/><\/a><\/figure>\n<\/div>\n\n\n\n<div class=\"wp-block-uagb-container uagb-block-1d0c24ab alignfull uagb-is-root-container\"><div class=\"uagb-container-inner-blocks-wrap\">\n<div class=\"wp-block-uagb-advanced-heading uagb-block-65d021af\"><h2 class=\"uagb-heading-text\">Integrated Arts shows<\/h2><p class=\"uagb-desc-text\">Author's projects<\/p><\/div>\n<\/div><\/div>\n\n\n\n<div class=\"wp-block-group has-small-font-size is-layout-grid wp-container-core-group-is-layout-9b662926 wp-block-group-is-layout-grid\" style=\"min-height:0px;padding-top:0;padding-bottom:0\">\n<figure class=\"wp-block-image size-full wp-container-content-76a1cf41 wp-duotone-purple-yellow\"><a href=\"https:\/\/www.youtube.com\/watch?v=VgbcmKOWJic\" target=\"_blank\" rel=\" noreferrer noopener\"><img decoding=\"async\" width=\"721\" height=\"960\" src=\"https:\/\/gustavotamponi.com\/wp-content\/uploads\/2025\/04\/Inefable.jpg\" alt=\"Gustavo Tamponi, projectos de autoria\" class=\"wp-image-1537\" srcset=\"https:\/\/gustavotamponi.com\/wp-content\/uploads\/2025\/04\/Inefable.jpg 721w, https:\/\/gustavotamponi.com\/wp-content\/uploads\/2025\/04\/Inefable-225x300.jpg 225w\" sizes=\"(max-width: 721px) 100vw, 721px\" \/><\/a><\/figure>\n\n\n\n<figure class=\"wp-block-image size-full wp-container-content-e712e989 wp-duotone-blue-orange\"><a href=\"https:\/\/www.youtube.com\/watch?v=lzvIKdP36gQ\" target=\"_blank\" rel=\" noreferrer noopener\"><img decoding=\"async\" width=\"721\" height=\"960\" src=\"https:\/\/gustavotamponi.com\/wp-content\/uploads\/2025\/04\/Silencios.jpg\" alt=\"Gustavo Tamponi, projectos de autoria\" class=\"wp-image-1542\" srcset=\"https:\/\/gustavotamponi.com\/wp-content\/uploads\/2025\/04\/Silencios.jpg 721w, https:\/\/gustavotamponi.com\/wp-content\/uploads\/2025\/04\/Silencios-225x300.jpg 225w\" sizes=\"(max-width: 721px) 100vw, 721px\" \/><\/a><\/figure>\n\n\n\n<figure class=\"wp-block-image size-full wp-duotone-purple-yellow\"><a href=\"https:\/\/www.youtube.com\/watch?v=Sxqe0hGFcqg\" target=\"_blank\" rel=\" noreferrer noopener\"><img decoding=\"async\" width=\"721\" height=\"960\" src=\"https:\/\/gustavotamponi.com\/wp-content\/uploads\/2025\/04\/De-mentes.jpg\" alt=\"Gustavo Tamponi, projectos de autoria\" class=\"wp-image-1532\" srcset=\"https:\/\/gustavotamponi.com\/wp-content\/uploads\/2025\/04\/De-mentes.jpg 721w, https:\/\/gustavotamponi.com\/wp-content\/uploads\/2025\/04\/De-mentes-225x300.jpg 225w\" sizes=\"(max-width: 721px) 100vw, 721px\" \/><\/a><\/figure>\n\n\n\n<figure class=\"wp-block-image size-full wp-duotone-blue-red\"><a href=\"https:\/\/www.youtube.com\/watch?v=KLNAjdCDAWg\" target=\"_blank\" rel=\" noreferrer noopener\"><img decoding=\"async\" width=\"721\" height=\"960\" src=\"https:\/\/gustavotamponi.com\/wp-content\/uploads\/2025\/04\/Uno-1.jpg\" alt=\"Gustavo Tamponi, projectos de autoria\" class=\"wp-image-1544\" srcset=\"https:\/\/gustavotamponi.com\/wp-content\/uploads\/2025\/04\/Uno-1.jpg 721w, https:\/\/gustavotamponi.com\/wp-content\/uploads\/2025\/04\/Uno-1-225x300.jpg 225w\" sizes=\"(max-width: 721px) 100vw, 721px\" \/><\/a><\/figure>\n<\/div>\n\n\n\n<div class=\"wp-block-uagb-container uagb-block-7bbbd8ba alignfull uagb-is-root-container\"><div class=\"uagb-container-inner-blocks-wrap\">\n<div class=\"wp-block-uagb-advanced-heading uagb-block-86983643\"><h2 class=\"uagb-heading-text\">Theater<\/h2><\/div>\n<\/div><\/div>\n\n\n\n<div class=\"wp-block-cover is-light\"><span aria-hidden=\"true\" class=\"wp-block-cover__background has-background-dim-0 has-background-dim\"><\/span><div class=\"wp-block-cover__inner-container is-layout-constrained wp-container-core-cover-is-layout-1952b2fd wp-block-cover-is-layout-constrained\">\n<div class=\"wp-block-group has-small-font-size is-layout-grid wp-container-core-group-is-layout-3d2caed7 wp-block-group-is-layout-grid\" style=\"border-style:none;border-width:0px;border-radius:0px;min-height:0px;margin-top:0;margin-bottom:0;padding-top:0;padding-right:0;padding-bottom:0;padding-left:0\">\n<figure class=\"wp-block-image size-full wp-container-content-6df3295e wp-duotone-unset-4\"><img decoding=\"async\" width=\"721\" height=\"960\" src=\"https:\/\/gustavotamponi.com\/wp-content\/uploads\/2025\/04\/Corral-Ajeno.jpg\" alt=\"Gustavo Tamponi, teatro\" class=\"wp-image-1531\" srcset=\"https:\/\/gustavotamponi.com\/wp-content\/uploads\/2025\/04\/Corral-Ajeno.jpg 721w, https:\/\/gustavotamponi.com\/wp-content\/uploads\/2025\/04\/Corral-Ajeno-225x300.jpg 225w\" sizes=\"(max-width: 721px) 100vw, 721px\" \/><\/figure>\n\n\n\n<figure class=\"wp-block-image size-full wp-container-content-a56e390f wp-duotone-unset-5\"><a href=\"https:\/\/www.youtube.com\/watch?v=5bqn5-ElnNc\" target=\"_blank\" rel=\" noreferrer noopener\"><img decoding=\"async\" width=\"721\" height=\"960\" src=\"https:\/\/gustavotamponi.com\/wp-content\/uploads\/2025\/04\/Dramaturgia-Regional-1.jpg\" alt=\"Gustavo Tamponi, teatro\" class=\"wp-image-1533\" srcset=\"https:\/\/gustavotamponi.com\/wp-content\/uploads\/2025\/04\/Dramaturgia-Regional-1.jpg 721w, https:\/\/gustavotamponi.com\/wp-content\/uploads\/2025\/04\/Dramaturgia-Regional-1-225x300.jpg 225w\" sizes=\"(max-width: 721px) 100vw, 721px\" \/><\/a><\/figure>\n\n\n\n<figure class=\"wp-block-image size-full wp-duotone-magenta-yellow\"><a href=\"https:\/\/www.youtube.com\/watch?v=m6JDbTPdkvU\" target=\"_blank\" rel=\" noreferrer noopener\"><img decoding=\"async\" width=\"721\" height=\"960\" src=\"https:\/\/gustavotamponi.com\/wp-content\/uploads\/2025\/04\/Opera-en-Mi-1.jpg\" alt=\"Gustavo Tamponi, teatro\" class=\"wp-image-1541\" srcset=\"https:\/\/gustavotamponi.com\/wp-content\/uploads\/2025\/04\/Opera-en-Mi-1.jpg 721w, https:\/\/gustavotamponi.com\/wp-content\/uploads\/2025\/04\/Opera-en-Mi-1-225x300.jpg 225w\" sizes=\"(max-width: 721px) 100vw, 721px\" \/><\/a><\/figure>\n\n\n\n<figure class=\"wp-block-image size-full wp-duotone-unset-6\"><img decoding=\"async\" width=\"721\" height=\"960\" src=\"https:\/\/gustavotamponi.com\/wp-content\/uploads\/2025\/04\/La-tranza-1.jpg\" alt=\"Gustavo Tamponi, teatro\" class=\"wp-image-1539\" srcset=\"https:\/\/gustavotamponi.com\/wp-content\/uploads\/2025\/04\/La-tranza-1.jpg 721w, https:\/\/gustavotamponi.com\/wp-content\/uploads\/2025\/04\/La-tranza-1-225x300.jpg 225w\" sizes=\"(max-width: 721px) 100vw, 721px\" \/><\/figure>\n\n\n\n<figure class=\"wp-block-image size-full wp-duotone-unset-7\"><img decoding=\"async\" width=\"721\" height=\"960\" src=\"https:\/\/gustavotamponi.com\/wp-content\/uploads\/2025\/04\/Elena-1.jpg\" alt=\"Gustavo Tamponi, teatro\" class=\"wp-image-1535\" srcset=\"https:\/\/gustavotamponi.com\/wp-content\/uploads\/2025\/04\/Elena-1.jpg 721w, https:\/\/gustavotamponi.com\/wp-content\/uploads\/2025\/04\/Elena-1-225x300.jpg 225w\" sizes=\"(max-width: 721px) 100vw, 721px\" \/><\/figure>\n\n\n\n<figure class=\"wp-block-image size-full wp-duotone-unset-8\"><img decoding=\"async\" width=\"721\" height=\"960\" src=\"https:\/\/gustavotamponi.com\/wp-content\/uploads\/2025\/04\/Nosferatus-1.jpg\" alt=\"Gustavo Tamponi, teatro\" class=\"wp-image-1540\" srcset=\"https:\/\/gustavotamponi.com\/wp-content\/uploads\/2025\/04\/Nosferatus-1.jpg 721w, https:\/\/gustavotamponi.com\/wp-content\/uploads\/2025\/04\/Nosferatus-1-225x300.jpg 225w\" sizes=\"(max-width: 721px) 100vw, 721px\" \/><\/figure>\n<\/div>\n<\/div><\/div>\n\n\n\n<p><\/p>","protected":false},"excerpt":{"rendered":"<p>Teatro \/ Cinema Cinema Colabora\u00e7\u00f5es Banda Sonora Projectos Cinematogr\u00e1ficos Espect\u00e1culos Artes Integradas Projectos de Autoria Teatro<\/p>","protected":false},"author":1,"featured_media":0,"parent":0,"menu_order":0,"comment_status":"closed","ping_status":"closed","template":"","meta":{"_uag_custom_page_level_css":"","site-sidebar-layout":"no-sidebar","site-content-layout":"plain-container","ast-site-content-layout":"full-width-container","site-content-style":"unboxed","site-sidebar-style":"unboxed","ast-global-header-display":"","ast-banner-title-visibility":"","ast-main-header-display":"","ast-hfb-above-header-display":"","ast-hfb-below-header-display":"","ast-hfb-mobile-header-display":"","site-post-title":"disabled","ast-breadcrumbs-content":"","ast-featured-img":"","footer-sml-layout":"","theme-transparent-header-meta":"enabled","adv-header-id-meta":"","stick-header-meta":"","header-above-stick-meta":"","header-main-stick-meta":"","header-below-stick-meta":"","astra-migrate-meta-layouts":"set","ast-page-background-enabled":"default","ast-page-background-meta":{"desktop":{"background-color":"","background-image":"","background-repeat":"repeat","background-position":"center center","background-size":"auto","background-attachment":"scroll","background-type":"","background-media":"","overlay-type":"","overlay-color":"","overlay-opacity":"","overlay-gradient":""},"tablet":{"background-color":"","background-image":"","background-repeat":"repeat","background-position":"center center","background-size":"auto","background-attachment":"scroll","background-type":"","background-media":"","overlay-type":"","overlay-color":"","overlay-opacity":"","overlay-gradient":""},"mobile":{"background-color":"","background-image":"","background-repeat":"repeat","background-position":"center center","background-size":"auto","background-attachment":"scroll","background-type":"","background-media":"","overlay-type":"","overlay-color":"","overlay-opacity":"","overlay-gradient":""}},"ast-content-background-meta":{"desktop":{"background-color":"var(--ast-global-color-5)","background-image":"","background-repeat":"repeat","background-position":"center center","background-size":"auto","background-attachment":"scroll","background-type":"","background-media":"","overlay-type":"","overlay-color":"","overlay-opacity":"","overlay-gradient":""},"tablet":{"background-color":"var(--ast-global-color-5)","background-image":"","background-repeat":"repeat","background-position":"center center","background-size":"auto","background-attachment":"scroll","background-type":"","background-media":"","overlay-type":"","overlay-color":"","overlay-opacity":"","overlay-gradient":""},"mobile":{"background-color":"var(--ast-global-color-5)","background-image":"","background-repeat":"repeat","background-position":"center center","background-size":"auto","background-attachment":"scroll","background-type":"","background-media":"","overlay-type":"","overlay-color":"","overlay-opacity":"","overlay-gradient":""}},"footnotes":""},"class_list":["post-432","page","type-page","status-publish","hentry"],"yoast_head":"<!-- This site is optimized with the Yoast SEO plugin v25.6 - https:\/\/yoast.com\/wordpress\/plugins\/seo\/ -->\n<title>Teatro \/ Cinema - Gustavo Tamponi<\/title>\n<meta name=\"description\" content=\"Banda Sonora Projectos Cinematogr\u00e1ficos, Projectos de Autoria, Teatro\" \/>\n<meta name=\"robots\" content=\"index, follow, max-snippet:-1, max-image-preview:large, max-video-preview:-1\" \/>\n<link rel=\"canonical\" href=\"https:\/\/gustavotamponi.com\/en\/teatro-cinema\/\" \/>\n<meta property=\"og:locale\" content=\"en_US\" \/>\n<meta property=\"og:type\" content=\"article\" \/>\n<meta property=\"og:title\" content=\"Teatro \/ Cinema - Gustavo Tamponi\" \/>\n<meta property=\"og:description\" content=\"Banda Sonora Projectos Cinematogr\u00e1ficos, Projectos de Autoria, Teatro\" \/>\n<meta property=\"og:url\" content=\"https:\/\/gustavotamponi.com\/en\/teatro-cinema\/\" \/>\n<meta property=\"og:site_name\" content=\"Gustavo Tamponi\" \/>\n<meta property=\"article:modified_time\" content=\"2025-07-23T09:36:50+00:00\" \/>\n<meta property=\"og:image\" content=\"https:\/\/gustavotamponi.com\/wp-content\/uploads\/2025\/04\/La-copia-Feliz.jpg\" \/>\n\t<meta property=\"og:image:width\" content=\"721\" \/>\n\t<meta property=\"og:image:height\" content=\"960\" \/>\n\t<meta property=\"og:image:type\" content=\"image\/jpeg\" \/>\n<meta name=\"twitter:card\" content=\"summary_large_image\" \/>\n<meta name=\"twitter:label1\" content=\"Est. reading time\" \/>\n\t<meta name=\"twitter:data1\" content=\"3 minutes\" \/>\n<script type=\"application\/ld+json\" class=\"yoast-schema-graph\">{\"@context\":\"https:\/\/schema.org\",\"@graph\":[{\"@type\":\"WebPage\",\"@id\":\"https:\/\/gustavotamponi.com\/teatro-cinema\/\",\"url\":\"https:\/\/gustavotamponi.com\/teatro-cinema\/\",\"name\":\"Teatro \/ Cinema - Gustavo Tamponi\",\"isPartOf\":{\"@id\":\"https:\/\/gustavotamponi.com\/#website\"},\"primaryImageOfPage\":{\"@id\":\"https:\/\/gustavotamponi.com\/teatro-cinema\/#primaryimage\"},\"image\":{\"@id\":\"https:\/\/gustavotamponi.com\/teatro-cinema\/#primaryimage\"},\"thumbnailUrl\":\"https:\/\/gustavotamponi.com\/wp-content\/uploads\/2025\/04\/La-copia-Feliz.jpg\",\"datePublished\":\"2025-03-13T11:58:20+00:00\",\"dateModified\":\"2025-07-23T09:36:50+00:00\",\"description\":\"Banda Sonora Projectos Cinematogr\u00e1ficos, Projectos de Autoria, Teatro\",\"breadcrumb\":{\"@id\":\"https:\/\/gustavotamponi.com\/teatro-cinema\/#breadcrumb\"},\"inLanguage\":\"en-US\",\"potentialAction\":[{\"@type\":\"ReadAction\",\"target\":[\"https:\/\/gustavotamponi.com\/teatro-cinema\/\"]}]},{\"@type\":\"ImageObject\",\"inLanguage\":\"en-US\",\"@id\":\"https:\/\/gustavotamponi.com\/teatro-cinema\/#primaryimage\",\"url\":\"https:\/\/gustavotamponi.com\/wp-content\/uploads\/2025\/04\/La-copia-Feliz.jpg\",\"contentUrl\":\"https:\/\/gustavotamponi.com\/wp-content\/uploads\/2025\/04\/La-copia-Feliz.jpg\"},{\"@type\":\"BreadcrumbList\",\"@id\":\"https:\/\/gustavotamponi.com\/teatro-cinema\/#breadcrumb\",\"itemListElement\":[{\"@type\":\"ListItem\",\"position\":1,\"name\":\"Portada\",\"item\":\"https:\/\/gustavotamponi.com\/\"},{\"@type\":\"ListItem\",\"position\":2,\"name\":\"Teatro \/ Cinema\"}]},{\"@type\":\"WebSite\",\"@id\":\"https:\/\/gustavotamponi.com\/#website\",\"url\":\"https:\/\/gustavotamponi.com\/\",\"name\":\"Gustavo Tamponi\",\"description\":\"Composer Original Music\",\"publisher\":{\"@id\":\"https:\/\/gustavotamponi.com\/#organization\"},\"potentialAction\":[{\"@type\":\"SearchAction\",\"target\":{\"@type\":\"EntryPoint\",\"urlTemplate\":\"https:\/\/gustavotamponi.com\/?s={search_term_string}\"},\"query-input\":{\"@type\":\"PropertyValueSpecification\",\"valueRequired\":true,\"valueName\":\"search_term_string\"}}],\"inLanguage\":\"en-US\"},{\"@type\":\"Organization\",\"@id\":\"https:\/\/gustavotamponi.com\/#organization\",\"name\":\"Gustavo Tamponi\",\"url\":\"https:\/\/gustavotamponi.com\/\",\"logo\":{\"@type\":\"ImageObject\",\"inLanguage\":\"en-US\",\"@id\":\"https:\/\/gustavotamponi.com\/#\/schema\/logo\/image\/\",\"url\":\"https:\/\/gustavotamponi.com\/wp-content\/uploads\/2025\/04\/cropped-La-mano-de-Tamponi-Puerta.jpg\",\"contentUrl\":\"https:\/\/gustavotamponi.com\/wp-content\/uploads\/2025\/04\/cropped-La-mano-de-Tamponi-Puerta.jpg\",\"width\":512,\"height\":512,\"caption\":\"Gustavo Tamponi\"},\"image\":{\"@id\":\"https:\/\/gustavotamponi.com\/#\/schema\/logo\/image\/\"}}]}<\/script>\n<!-- \/ Yoast SEO plugin. -->","yoast_head_json":{"title":"Teatro \/ Cinema - Gustavo Tamponi","description":"Banda Sonora Projectos Cinematogr\u00e1ficos, Projectos de Autoria, Teatro","robots":{"index":"index","follow":"follow","max-snippet":"max-snippet:-1","max-image-preview":"max-image-preview:large","max-video-preview":"max-video-preview:-1"},"canonical":"https:\/\/gustavotamponi.com\/en\/teatro-cinema\/","og_locale":"en_US","og_type":"article","og_title":"Teatro \/ Cinema - Gustavo Tamponi","og_description":"Banda Sonora Projectos Cinematogr\u00e1ficos, Projectos de Autoria, Teatro","og_url":"https:\/\/gustavotamponi.com\/en\/teatro-cinema\/","og_site_name":"Gustavo Tamponi","article_modified_time":"2025-07-23T09:36:50+00:00","og_image":[{"width":721,"height":960,"url":"https:\/\/gustavotamponi.com\/wp-content\/uploads\/2025\/04\/La-copia-Feliz.jpg","type":"image\/jpeg"}],"twitter_card":"summary_large_image","twitter_misc":{"Est. reading time":"3 minutes"},"schema":{"@context":"https:\/\/schema.org","@graph":[{"@type":"WebPage","@id":"https:\/\/gustavotamponi.com\/teatro-cinema\/","url":"https:\/\/gustavotamponi.com\/teatro-cinema\/","name":"Teatro \/ Cinema - Gustavo Tamponi","isPartOf":{"@id":"https:\/\/gustavotamponi.com\/#website"},"primaryImageOfPage":{"@id":"https:\/\/gustavotamponi.com\/teatro-cinema\/#primaryimage"},"image":{"@id":"https:\/\/gustavotamponi.com\/teatro-cinema\/#primaryimage"},"thumbnailUrl":"https:\/\/gustavotamponi.com\/wp-content\/uploads\/2025\/04\/La-copia-Feliz.jpg","datePublished":"2025-03-13T11:58:20+00:00","dateModified":"2025-07-23T09:36:50+00:00","description":"Banda Sonora Projectos Cinematogr\u00e1ficos, Projectos de Autoria, Teatro","breadcrumb":{"@id":"https:\/\/gustavotamponi.com\/teatro-cinema\/#breadcrumb"},"inLanguage":"en-US","potentialAction":[{"@type":"ReadAction","target":["https:\/\/gustavotamponi.com\/teatro-cinema\/"]}]},{"@type":"ImageObject","inLanguage":"en-US","@id":"https:\/\/gustavotamponi.com\/teatro-cinema\/#primaryimage","url":"https:\/\/gustavotamponi.com\/wp-content\/uploads\/2025\/04\/La-copia-Feliz.jpg","contentUrl":"https:\/\/gustavotamponi.com\/wp-content\/uploads\/2025\/04\/La-copia-Feliz.jpg"},{"@type":"BreadcrumbList","@id":"https:\/\/gustavotamponi.com\/teatro-cinema\/#breadcrumb","itemListElement":[{"@type":"ListItem","position":1,"name":"Portada","item":"https:\/\/gustavotamponi.com\/"},{"@type":"ListItem","position":2,"name":"Teatro \/ Cinema"}]},{"@type":"WebSite","@id":"https:\/\/gustavotamponi.com\/#website","url":"https:\/\/gustavotamponi.com\/","name":"Gustavo Tamponi","description":"Composer Original Music","publisher":{"@id":"https:\/\/gustavotamponi.com\/#organization"},"potentialAction":[{"@type":"SearchAction","target":{"@type":"EntryPoint","urlTemplate":"https:\/\/gustavotamponi.com\/?s={search_term_string}"},"query-input":{"@type":"PropertyValueSpecification","valueRequired":true,"valueName":"search_term_string"}}],"inLanguage":"en-US"},{"@type":"Organization","@id":"https:\/\/gustavotamponi.com\/#organization","name":"Gustavo Tamponi","url":"https:\/\/gustavotamponi.com\/","logo":{"@type":"ImageObject","inLanguage":"en-US","@id":"https:\/\/gustavotamponi.com\/#\/schema\/logo\/image\/","url":"https:\/\/gustavotamponi.com\/wp-content\/uploads\/2025\/04\/cropped-La-mano-de-Tamponi-Puerta.jpg","contentUrl":"https:\/\/gustavotamponi.com\/wp-content\/uploads\/2025\/04\/cropped-La-mano-de-Tamponi-Puerta.jpg","width":512,"height":512,"caption":"Gustavo Tamponi"},"image":{"@id":"https:\/\/gustavotamponi.com\/#\/schema\/logo\/image\/"}}]}},"uagb_featured_image_src":{"full":false,"thumbnail":false,"medium":false,"medium_large":false,"large":false,"1536x1536":false,"2048x2048":false,"trp-custom-language-flag":false,"audioigniter_cover":false},"uagb_author_info":{"display_name":"Sergio","author_link":"https:\/\/gustavotamponi.com\/en\/author\/sergio\/"},"uagb_comment_info":0,"uagb_excerpt":"Teatro \/ Cinema Cinema Colabora\u00e7\u00f5es Banda Sonora Projectos Cinematogr\u00e1ficos Espect\u00e1culos Artes Integradas Projectos de Autoria Teatro","_links":{"self":[{"href":"https:\/\/gustavotamponi.com\/en\/wp-json\/wp\/v2\/pages\/432","targetHints":{"allow":["GET"]}}],"collection":[{"href":"https:\/\/gustavotamponi.com\/en\/wp-json\/wp\/v2\/pages"}],"about":[{"href":"https:\/\/gustavotamponi.com\/en\/wp-json\/wp\/v2\/types\/page"}],"author":[{"embeddable":true,"href":"https:\/\/gustavotamponi.com\/en\/wp-json\/wp\/v2\/users\/1"}],"replies":[{"embeddable":true,"href":"https:\/\/gustavotamponi.com\/en\/wp-json\/wp\/v2\/comments?post=432"}],"version-history":[{"count":150,"href":"https:\/\/gustavotamponi.com\/en\/wp-json\/wp\/v2\/pages\/432\/revisions"}],"predecessor-version":[{"id":2140,"href":"https:\/\/gustavotamponi.com\/en\/wp-json\/wp\/v2\/pages\/432\/revisions\/2140"}],"wp:attachment":[{"href":"https:\/\/gustavotamponi.com\/en\/wp-json\/wp\/v2\/media?parent=432"}],"curies":[{"name":"wp","href":"https:\/\/api.w.org\/{rel}","templated":true}]}}