{"id":408,"date":"2025-03-13T12:58:20","date_gmt":"2025-03-13T11:58:20","guid":{"rendered":"https:\/\/gustavotamponi.com\/biography\/"},"modified":"2025-07-31T13:10:47","modified_gmt":"2025-07-31T11:10:47","slug":"biografia","status":"publish","type":"page","link":"https:\/\/gustavotamponi.com\/en\/biografia\/","title":{"rendered":"Biography"},"content":{"rendered":"<div class=\"wp-block-uagb-container uagb-block-3f4cd45f alignfull uagb-is-root-container\"><div class=\"uagb-container-inner-blocks-wrap\">\n<div class=\"wp-block-uagb-advanced-heading uagb-block-ee7ec327\"><h2 class=\"uagb-heading-text\">Biography<\/h2><div class=\"uagb-separator\"><\/div><\/div>\n<\/div><\/div>\n\n\n\n<div class=\"wp-block-uagb-container uagb-block-ae1a11a7 alignfull uagb-is-root-container\"><div class=\"uagb-container-inner-blocks-wrap\">\n<div class=\"wp-block-uagb-advanced-heading uagb-block-11b27349\"><h4 class=\"uagb-heading-text\">\u201cImages, experiences, catharsis, a script, an idea, a ritual, a sensation, an emotion feed the moment of composing sounds and silences that lead me to a sincere, pure and safe space in search of a truth that I try to communicate when I play.\u201d<\/h4><div class=\"uagb-separator\"><\/div><\/div>\n\n\n\n<div class=\"wp-block-columns is-layout-flex wp-container-core-columns-is-layout-28f84493 wp-block-columns-is-layout-flex\">\n<div class=\"wp-block-column is-layout-flow wp-block-column-is-layout-flow\" style=\"flex-basis:100%\">\n<div class=\"wp-block-uagb-advanced-heading uagb-block-be7ea47f\"><h4 class=\"uagb-heading-text\">Sou um trabalhador art\u00edstico; compositor musical para artes performativas e visuais, com forma\u00e7\u00e3o profissional em m\u00fasica, teatro, dan\u00e7a-teatro e performance. Participo em projectos de palco, teatro e cinema em diferentes pa\u00edses, bem como na produ\u00e7\u00e3o de espect\u00e1culos de artes integradas da minha autoria. <\/h4><\/div>\n\n\n\n<figure style=\"margin-top:0;margin-bottom:0\" class=\"wp-block-video\"><video controls src=\"https:\/\/gustavotamponi.com\/wp-content\/uploads\/2025\/06\/para-postulacion.mp4\"><\/video><\/figure>\n<\/div>\n<\/div>\n\n\n\n<div class=\"wp-block-uagb-container uagb-block-2a030c9f\">\n<div class=\"wp-block-group is-nowrap is-layout-flex wp-container-core-group-is-layout-6c531013 wp-block-group-is-layout-flex\">\n<div class=\"wp-block-uagb-advanced-heading uagb-block-d6932e5a\"><h4 class=\"uagb-heading-text\">My teachers transformed their experiences, pains, censures and courage into school, they transmitted invaluable values of humanity, solidarity, community and respect, emphasizing the importance and social responsibility that theater and the arts have in relation to the community in which we live.<\/h4><\/div>\n<\/div>\n\n\n\n<div class=\"wp-block-uagb-advanced-heading uagb-block-fc76598f\"><h4 class=\"uagb-heading-text\">My training in Performing Arts as an actor was given by teachers: Luis Arenas Godoy, Luz Faunes, Cesar Robinson Lopez, Andr\u00e9s Guti\u00e9rrez, Alejandro East, Viviana Verguez at the Objeto Theater School of Santiago and by Vicky Larrain, Marjorie Avalos, Luis Eduardo Araneda, Magaly Rivano as an interpreter in Dance-Theatre &amp; Performance at the Universidad Bolivariana, Chile.                                                         <\/h4><p class=\"uagb-desc-text\">Musical training with Otto Himmer, Fermando Waymann, Chile and Margarita Cheein from the Avellaneda popular music school EMPA, Argentina.&nbsp;<br>&nbsp;<\/p><\/div>\n<\/div>\n<\/div><\/div>\n\n\n\n<div class=\"wp-block-uagb-container uagb-block-589283dc alignfull uagb-is-root-container\"><div class=\"uagb-container-inner-blocks-wrap\"><\/div><\/div>\n\n\n\n<p><\/p>","protected":false},"excerpt":{"rendered":"<p>Biografia \u200b\u201c\u201cImagens, experi\u00eancias, catarse, um gui\u00e3o, uma ideia, um ritual, uma sensa\u00e7\u00e3o, uma emo\u00e7\u00e3o alimentam o momento de compor sons e sil\u00eancios que me levam a um espa\u00e7o sincero, puro e seguro em busca de uma verdade que tento comunicar quando toco\u201d. Sou um trabalhador art\u00edstico; compositor musical para artes performativas e visuais, com forma\u00e7\u00e3o [&hellip;]<\/p>","protected":false},"author":1,"featured_media":0,"parent":0,"menu_order":0,"comment_status":"closed","ping_status":"closed","template":"","meta":{"_uag_custom_page_level_css":"","site-sidebar-layout":"no-sidebar","site-content-layout":"plain-container","ast-site-content-layout":"full-width-container","site-content-style":"unboxed","site-sidebar-style":"unboxed","ast-global-header-display":"","ast-banner-title-visibility":"","ast-main-header-display":"","ast-hfb-above-header-display":"","ast-hfb-below-header-display":"","ast-hfb-mobile-header-display":"","site-post-title":"disabled","ast-breadcrumbs-content":"","ast-featured-img":"","footer-sml-layout":"","theme-transparent-header-meta":"enabled","adv-header-id-meta":"","stick-header-meta":"","header-above-stick-meta":"","header-main-stick-meta":"","header-below-stick-meta":"","astra-migrate-meta-layouts":"set","ast-page-background-enabled":"default","ast-page-background-meta":{"desktop":{"background-color":"","background-image":"","background-repeat":"repeat","background-position":"center center","background-size":"auto","background-attachment":"scroll","background-type":"","background-media":"","overlay-type":"","overlay-color":"","overlay-opacity":"","overlay-gradient":""},"tablet":{"background-color":"","background-image":"","background-repeat":"repeat","background-position":"center center","background-size":"auto","background-attachment":"scroll","background-type":"","background-media":"","overlay-type":"","overlay-color":"","overlay-opacity":"","overlay-gradient":""},"mobile":{"background-color":"","background-image":"","background-repeat":"repeat","background-position":"center center","background-size":"auto","background-attachment":"scroll","background-type":"","background-media":"","overlay-type":"","overlay-color":"","overlay-opacity":"","overlay-gradient":""}},"ast-content-background-meta":{"desktop":{"background-color":"var(--ast-global-color-5)","background-image":"","background-repeat":"repeat","background-position":"center center","background-size":"auto","background-attachment":"scroll","background-type":"","background-media":"","overlay-type":"","overlay-color":"","overlay-opacity":"","overlay-gradient":""},"tablet":{"background-color":"var(--ast-global-color-5)","background-image":"","background-repeat":"repeat","background-position":"center center","background-size":"auto","background-attachment":"scroll","background-type":"","background-media":"","overlay-type":"","overlay-color":"","overlay-opacity":"","overlay-gradient":""},"mobile":{"background-color":"var(--ast-global-color-5)","background-image":"","background-repeat":"repeat","background-position":"center center","background-size":"auto","background-attachment":"scroll","background-type":"","background-media":"","overlay-type":"","overlay-color":"","overlay-opacity":"","overlay-gradient":""}},"footnotes":""},"class_list":["post-408","page","type-page","status-publish","hentry"],"yoast_head":"<!-- This site is optimized with the Yoast SEO plugin v25.6 - https:\/\/yoast.com\/wordpress\/plugins\/seo\/ -->\n<title>Biografia - Gustavo Tamponi<\/title>\n<meta name=\"description\" content=\"Trabalhador art\u00edstico; com forma\u00e7\u00e3o profissional em m\u00fasica, teatro, dan\u00e7a-teatro e performance.\" \/>\n<meta name=\"robots\" content=\"index, follow, max-snippet:-1, max-image-preview:large, max-video-preview:-1\" \/>\n<link rel=\"canonical\" href=\"https:\/\/gustavotamponi.com\/en\/biografia\/\" \/>\n<meta property=\"og:locale\" content=\"en_US\" \/>\n<meta property=\"og:type\" content=\"article\" \/>\n<meta property=\"og:title\" content=\"Biografia - Gustavo Tamponi\" \/>\n<meta property=\"og:description\" content=\"Trabalhador art\u00edstico; com forma\u00e7\u00e3o profissional em m\u00fasica, teatro, dan\u00e7a-teatro e performance.\" \/>\n<meta property=\"og:url\" content=\"https:\/\/gustavotamponi.com\/en\/biografia\/\" \/>\n<meta property=\"og:site_name\" content=\"Gustavo Tamponi\" \/>\n<meta property=\"article:modified_time\" content=\"2025-07-31T11:10:47+00:00\" \/>\n<meta name=\"twitter:card\" content=\"summary_large_image\" \/>\n<script type=\"application\/ld+json\" class=\"yoast-schema-graph\">{\"@context\":\"https:\/\/schema.org\",\"@graph\":[{\"@type\":\"WebPage\",\"@id\":\"https:\/\/gustavotamponi.com\/biografia\/\",\"url\":\"https:\/\/gustavotamponi.com\/biografia\/\",\"name\":\"Biografia - Gustavo Tamponi\",\"isPartOf\":{\"@id\":\"https:\/\/gustavotamponi.com\/#website\"},\"datePublished\":\"2025-03-13T11:58:20+00:00\",\"dateModified\":\"2025-07-31T11:10:47+00:00\",\"description\":\"Trabalhador art\u00edstico; com forma\u00e7\u00e3o profissional em m\u00fasica, teatro, dan\u00e7a-teatro e performance.\",\"breadcrumb\":{\"@id\":\"https:\/\/gustavotamponi.com\/biografia\/#breadcrumb\"},\"inLanguage\":\"en-US\",\"potentialAction\":[{\"@type\":\"ReadAction\",\"target\":[\"https:\/\/gustavotamponi.com\/biografia\/\"]}]},{\"@type\":\"BreadcrumbList\",\"@id\":\"https:\/\/gustavotamponi.com\/biografia\/#breadcrumb\",\"itemListElement\":[{\"@type\":\"ListItem\",\"position\":1,\"name\":\"Portada\",\"item\":\"https:\/\/gustavotamponi.com\/\"},{\"@type\":\"ListItem\",\"position\":2,\"name\":\"Biografia\"}]},{\"@type\":\"WebSite\",\"@id\":\"https:\/\/gustavotamponi.com\/#website\",\"url\":\"https:\/\/gustavotamponi.com\/\",\"name\":\"Gustavo Tamponi\",\"description\":\"Composer Original Music\",\"publisher\":{\"@id\":\"https:\/\/gustavotamponi.com\/#organization\"},\"potentialAction\":[{\"@type\":\"SearchAction\",\"target\":{\"@type\":\"EntryPoint\",\"urlTemplate\":\"https:\/\/gustavotamponi.com\/?s={search_term_string}\"},\"query-input\":{\"@type\":\"PropertyValueSpecification\",\"valueRequired\":true,\"valueName\":\"search_term_string\"}}],\"inLanguage\":\"en-US\"},{\"@type\":\"Organization\",\"@id\":\"https:\/\/gustavotamponi.com\/#organization\",\"name\":\"Gustavo Tamponi\",\"url\":\"https:\/\/gustavotamponi.com\/\",\"logo\":{\"@type\":\"ImageObject\",\"inLanguage\":\"en-US\",\"@id\":\"https:\/\/gustavotamponi.com\/#\/schema\/logo\/image\/\",\"url\":\"https:\/\/gustavotamponi.com\/wp-content\/uploads\/2025\/04\/cropped-La-mano-de-Tamponi-Puerta.jpg\",\"contentUrl\":\"https:\/\/gustavotamponi.com\/wp-content\/uploads\/2025\/04\/cropped-La-mano-de-Tamponi-Puerta.jpg\",\"width\":512,\"height\":512,\"caption\":\"Gustavo Tamponi\"},\"image\":{\"@id\":\"https:\/\/gustavotamponi.com\/#\/schema\/logo\/image\/\"}}]}<\/script>\n<!-- \/ Yoast SEO plugin. -->","yoast_head_json":{"title":"Biografia - Gustavo Tamponi","description":"Trabalhador art\u00edstico; com forma\u00e7\u00e3o profissional em m\u00fasica, teatro, dan\u00e7a-teatro e performance.","robots":{"index":"index","follow":"follow","max-snippet":"max-snippet:-1","max-image-preview":"max-image-preview:large","max-video-preview":"max-video-preview:-1"},"canonical":"https:\/\/gustavotamponi.com\/en\/biografia\/","og_locale":"en_US","og_type":"article","og_title":"Biografia - Gustavo Tamponi","og_description":"Trabalhador art\u00edstico; com forma\u00e7\u00e3o profissional em m\u00fasica, teatro, dan\u00e7a-teatro e performance.","og_url":"https:\/\/gustavotamponi.com\/en\/biografia\/","og_site_name":"Gustavo Tamponi","article_modified_time":"2025-07-31T11:10:47+00:00","twitter_card":"summary_large_image","schema":{"@context":"https:\/\/schema.org","@graph":[{"@type":"WebPage","@id":"https:\/\/gustavotamponi.com\/biografia\/","url":"https:\/\/gustavotamponi.com\/biografia\/","name":"Biografia - Gustavo Tamponi","isPartOf":{"@id":"https:\/\/gustavotamponi.com\/#website"},"datePublished":"2025-03-13T11:58:20+00:00","dateModified":"2025-07-31T11:10:47+00:00","description":"Trabalhador art\u00edstico; com forma\u00e7\u00e3o profissional em m\u00fasica, teatro, dan\u00e7a-teatro e performance.","breadcrumb":{"@id":"https:\/\/gustavotamponi.com\/biografia\/#breadcrumb"},"inLanguage":"en-US","potentialAction":[{"@type":"ReadAction","target":["https:\/\/gustavotamponi.com\/biografia\/"]}]},{"@type":"BreadcrumbList","@id":"https:\/\/gustavotamponi.com\/biografia\/#breadcrumb","itemListElement":[{"@type":"ListItem","position":1,"name":"Portada","item":"https:\/\/gustavotamponi.com\/"},{"@type":"ListItem","position":2,"name":"Biografia"}]},{"@type":"WebSite","@id":"https:\/\/gustavotamponi.com\/#website","url":"https:\/\/gustavotamponi.com\/","name":"Gustavo Tamponi","description":"Composer Original Music","publisher":{"@id":"https:\/\/gustavotamponi.com\/#organization"},"potentialAction":[{"@type":"SearchAction","target":{"@type":"EntryPoint","urlTemplate":"https:\/\/gustavotamponi.com\/?s={search_term_string}"},"query-input":{"@type":"PropertyValueSpecification","valueRequired":true,"valueName":"search_term_string"}}],"inLanguage":"en-US"},{"@type":"Organization","@id":"https:\/\/gustavotamponi.com\/#organization","name":"Gustavo Tamponi","url":"https:\/\/gustavotamponi.com\/","logo":{"@type":"ImageObject","inLanguage":"en-US","@id":"https:\/\/gustavotamponi.com\/#\/schema\/logo\/image\/","url":"https:\/\/gustavotamponi.com\/wp-content\/uploads\/2025\/04\/cropped-La-mano-de-Tamponi-Puerta.jpg","contentUrl":"https:\/\/gustavotamponi.com\/wp-content\/uploads\/2025\/04\/cropped-La-mano-de-Tamponi-Puerta.jpg","width":512,"height":512,"caption":"Gustavo Tamponi"},"image":{"@id":"https:\/\/gustavotamponi.com\/#\/schema\/logo\/image\/"}}]}},"uagb_featured_image_src":{"full":false,"thumbnail":false,"medium":false,"medium_large":false,"large":false,"1536x1536":false,"2048x2048":false,"trp-custom-language-flag":false,"audioigniter_cover":false},"uagb_author_info":{"display_name":"Sergio","author_link":"https:\/\/gustavotamponi.com\/en\/author\/sergio\/"},"uagb_comment_info":0,"uagb_excerpt":"Biografia \u200b\u201c\u201cImagens, experi\u00eancias, catarse, um gui\u00e3o, uma ideia, um ritual, uma sensa\u00e7\u00e3o, uma emo\u00e7\u00e3o alimentam o momento de compor sons e sil\u00eancios que me levam a um espa\u00e7o sincero, puro e seguro em busca de uma verdade que tento comunicar quando toco\u201d. Sou um trabalhador art\u00edstico; compositor musical para artes performativas e visuais, com forma\u00e7\u00e3o&hellip;","_links":{"self":[{"href":"https:\/\/gustavotamponi.com\/en\/wp-json\/wp\/v2\/pages\/408","targetHints":{"allow":["GET"]}}],"collection":[{"href":"https:\/\/gustavotamponi.com\/en\/wp-json\/wp\/v2\/pages"}],"about":[{"href":"https:\/\/gustavotamponi.com\/en\/wp-json\/wp\/v2\/types\/page"}],"author":[{"embeddable":true,"href":"https:\/\/gustavotamponi.com\/en\/wp-json\/wp\/v2\/users\/1"}],"replies":[{"embeddable":true,"href":"https:\/\/gustavotamponi.com\/en\/wp-json\/wp\/v2\/comments?post=408"}],"version-history":[{"count":80,"href":"https:\/\/gustavotamponi.com\/en\/wp-json\/wp\/v2\/pages\/408\/revisions"}],"predecessor-version":[{"id":2146,"href":"https:\/\/gustavotamponi.com\/en\/wp-json\/wp\/v2\/pages\/408\/revisions\/2146"}],"wp:attachment":[{"href":"https:\/\/gustavotamponi.com\/en\/wp-json\/wp\/v2\/media?parent=408"}],"curies":[{"name":"wp","href":"https:\/\/api.w.org\/{rel}","templated":true}]}}